{"id":2462,"date":"2023-12-07T08:09:32","date_gmt":"2023-12-07T08:09:32","guid":{"rendered":"https:\/\/looris.ee\/?post_type=product&#038;p=2462"},"modified":"2023-12-24T09:46:04","modified_gmt":"2023-12-24T09:46:04","slug":"pulmakleit-seline","status":"publish","type":"product","link":"https:\/\/www.looris.ee\/ru\/product\/pulmakleit-seline\/","title":{"rendered":"Pulmakleit Seline"},"featured_media":2483,"template":"","categories":[],"dress-style":[72,78,76,75],"class_list":["post-2462","product","type-product","status-publish","has-post-thumbnail","hentry","dress-style-a-line","dress-style-akoik","dress-style-printsess","dress-style-rannapulm"],"acf":[],"yoast_head":"<!-- This site is optimized with the Yoast SEO plugin v27.5 - https:\/\/yoast.com\/product\/yoast-seo-wordpress\/ -->\n<title>Pulmakleit Seline<\/title>\n<meta name=\"description\" content=\"Kui unistad s\u00e4ravast kleidist ja tahad keerutada oma elu t\u00e4htsamal p\u00e4eval kerge, lendleva seelikuga, siis pulmakleit Seline just Sinu jaoks!\" \/>\n<meta name=\"robots\" content=\"index, follow, max-snippet:-1, max-image-preview:large, max-video-preview:-1\" \/>\n<link rel=\"canonical\" href=\"https:\/\/looris.ee\/product\/pulmakleit-seline\/\" \/>\n<meta property=\"og:locale\" content=\"ru_RU\" \/>\n<meta property=\"og:type\" content=\"article\" \/>\n<meta property=\"og:title\" content=\"Pulmakleit Seline\" \/>\n<meta property=\"og:description\" content=\"Kui unistad s\u00e4ravast kleidist ja tahad keerutada oma elu t\u00e4htsamal p\u00e4eval kerge, lendleva seelikuga, siis pulmakleit Seline just Sinu jaoks!\" \/>\n<meta property=\"og:url\" content=\"https:\/\/looris.ee\/product\/pulmakleit-seline\/\" \/>\n<meta property=\"og:site_name\" content=\"Looris\" \/>\n<meta property=\"article:modified_time\" content=\"2023-12-24T09:46:04+00:00\" \/>\n<meta property=\"og:image\" content=\"https:\/\/looris.ee\/wp-content\/uploads\/2023\/12\/Seline1-scaled.jpg\" \/>\n\t<meta property=\"og:image:width\" content=\"1707\" \/>\n\t<meta property=\"og:image:height\" content=\"2560\" \/>\n\t<meta property=\"og:image:type\" content=\"image\/jpeg\" \/>\n<meta name=\"twitter:card\" content=\"summary_large_image\" \/>\n<meta name=\"twitter:label1\" content=\"\u041f\u0440\u0438\u043c\u0435\u0440\u043d\u043e\u0435 \u0432\u0440\u0435\u043c\u044f \u0434\u043b\u044f \u0447\u0442\u0435\u043d\u0438\u044f\" \/>\n\t<meta name=\"twitter:data1\" content=\"1 \u043c\u0438\u043d\u0443\u0442\u0430\" \/>\n<script type=\"application\/ld+json\" class=\"yoast-schema-graph\">{\"@context\":\"https:\\\/\\\/schema.org\",\"@graph\":[{\"@type\":\"WebPage\",\"@id\":\"https:\\\/\\\/looris.ee\\\/product\\\/pulmakleit-seline\\\/\",\"url\":\"https:\\\/\\\/looris.ee\\\/product\\\/pulmakleit-seline\\\/\",\"name\":\"Pulmakleit Seline\",\"isPartOf\":{\"@id\":\"https:\\\/\\\/looris.ee\\\/ru\\\/#website\"},\"primaryImageOfPage\":{\"@id\":\"https:\\\/\\\/looris.ee\\\/product\\\/pulmakleit-seline\\\/#primaryimage\"},\"image\":{\"@id\":\"https:\\\/\\\/looris.ee\\\/product\\\/pulmakleit-seline\\\/#primaryimage\"},\"thumbnailUrl\":\"https:\\\/\\\/www.looris.ee\\\/wp-content\\\/uploads\\\/2023\\\/12\\\/Seline1-scaled.jpg\",\"datePublished\":\"2023-12-07T08:09:32+00:00\",\"dateModified\":\"2023-12-24T09:46:04+00:00\",\"description\":\"Kui unistad s\u00e4ravast kleidist ja tahad keerutada oma elu t\u00e4htsamal p\u00e4eval kerge, lendleva seelikuga, siis pulmakleit Seline just Sinu jaoks!\",\"breadcrumb\":{\"@id\":\"https:\\\/\\\/looris.ee\\\/product\\\/pulmakleit-seline\\\/#breadcrumb\"},\"inLanguage\":\"ru-RU\",\"potentialAction\":[{\"@type\":\"ReadAction\",\"target\":[\"https:\\\/\\\/looris.ee\\\/product\\\/pulmakleit-seline\\\/\"]}]},{\"@type\":\"ImageObject\",\"inLanguage\":\"ru-RU\",\"@id\":\"https:\\\/\\\/looris.ee\\\/product\\\/pulmakleit-seline\\\/#primaryimage\",\"url\":\"https:\\\/\\\/www.looris.ee\\\/wp-content\\\/uploads\\\/2023\\\/12\\\/Seline1-scaled.jpg\",\"contentUrl\":\"https:\\\/\\\/www.looris.ee\\\/wp-content\\\/uploads\\\/2023\\\/12\\\/Seline1-scaled.jpg\",\"width\":1707,\"height\":2560,\"caption\":\"Pulmakleit Seline\"},{\"@type\":\"BreadcrumbList\",\"@id\":\"https:\\\/\\\/looris.ee\\\/product\\\/pulmakleit-seline\\\/#breadcrumb\",\"itemListElement\":[{\"@type\":\"ListItem\",\"position\":1,\"name\":\"Home\",\"item\":\"https:\\\/\\\/looris.ee\\\/ru\\\/\"},{\"@type\":\"ListItem\",\"position\":2,\"name\":\"Products\",\"item\":\"https:\\\/\\\/looris.ee\\\/ru\\\/pulmakleidid\\\/\"},{\"@type\":\"ListItem\",\"position\":3,\"name\":\"Pulmakleit Seline\"}]},{\"@type\":\"WebSite\",\"@id\":\"https:\\\/\\\/looris.ee\\\/ru\\\/#website\",\"url\":\"https:\\\/\\\/looris.ee\\\/ru\\\/\",\"name\":\"Looris\",\"description\":\"\",\"potentialAction\":[{\"@type\":\"SearchAction\",\"target\":{\"@type\":\"EntryPoint\",\"urlTemplate\":\"https:\\\/\\\/looris.ee\\\/ru\\\/?s={search_term_string}\"},\"query-input\":{\"@type\":\"PropertyValueSpecification\",\"valueRequired\":true,\"valueName\":\"search_term_string\"}}],\"inLanguage\":\"ru-RU\"}]}<\/script>\n<!-- \/ Yoast SEO plugin. -->","yoast_head_json":{"title":"Pulmakleit Seline","description":"Kui unistad s\u00e4ravast kleidist ja tahad keerutada oma elu t\u00e4htsamal p\u00e4eval kerge, lendleva seelikuga, siis pulmakleit Seline just Sinu jaoks!","robots":{"index":"index","follow":"follow","max-snippet":"max-snippet:-1","max-image-preview":"max-image-preview:large","max-video-preview":"max-video-preview:-1"},"canonical":"https:\/\/looris.ee\/product\/pulmakleit-seline\/","og_locale":"ru_RU","og_type":"article","og_title":"Pulmakleit Seline","og_description":"Kui unistad s\u00e4ravast kleidist ja tahad keerutada oma elu t\u00e4htsamal p\u00e4eval kerge, lendleva seelikuga, siis pulmakleit Seline just Sinu jaoks!","og_url":"https:\/\/looris.ee\/product\/pulmakleit-seline\/","og_site_name":"Looris","article_modified_time":"2023-12-24T09:46:04+00:00","og_image":[{"width":1707,"height":2560,"url":"https:\/\/looris.ee\/wp-content\/uploads\/2023\/12\/Seline1-scaled.jpg","type":"image\/jpeg"}],"twitter_card":"summary_large_image","twitter_misc":{"\u041f\u0440\u0438\u043c\u0435\u0440\u043d\u043e\u0435 \u0432\u0440\u0435\u043c\u044f \u0434\u043b\u044f \u0447\u0442\u0435\u043d\u0438\u044f":"1 \u043c\u0438\u043d\u0443\u0442\u0430"},"schema":{"@context":"https:\/\/schema.org","@graph":[{"@type":"WebPage","@id":"https:\/\/looris.ee\/product\/pulmakleit-seline\/","url":"https:\/\/looris.ee\/product\/pulmakleit-seline\/","name":"Pulmakleit Seline","isPartOf":{"@id":"https:\/\/looris.ee\/ru\/#website"},"primaryImageOfPage":{"@id":"https:\/\/looris.ee\/product\/pulmakleit-seline\/#primaryimage"},"image":{"@id":"https:\/\/looris.ee\/product\/pulmakleit-seline\/#primaryimage"},"thumbnailUrl":"https:\/\/www.looris.ee\/wp-content\/uploads\/2023\/12\/Seline1-scaled.jpg","datePublished":"2023-12-07T08:09:32+00:00","dateModified":"2023-12-24T09:46:04+00:00","description":"Kui unistad s\u00e4ravast kleidist ja tahad keerutada oma elu t\u00e4htsamal p\u00e4eval kerge, lendleva seelikuga, siis pulmakleit Seline just Sinu jaoks!","breadcrumb":{"@id":"https:\/\/looris.ee\/product\/pulmakleit-seline\/#breadcrumb"},"inLanguage":"ru-RU","potentialAction":[{"@type":"ReadAction","target":["https:\/\/looris.ee\/product\/pulmakleit-seline\/"]}]},{"@type":"ImageObject","inLanguage":"ru-RU","@id":"https:\/\/looris.ee\/product\/pulmakleit-seline\/#primaryimage","url":"https:\/\/www.looris.ee\/wp-content\/uploads\/2023\/12\/Seline1-scaled.jpg","contentUrl":"https:\/\/www.looris.ee\/wp-content\/uploads\/2023\/12\/Seline1-scaled.jpg","width":1707,"height":2560,"caption":"Pulmakleit Seline"},{"@type":"BreadcrumbList","@id":"https:\/\/looris.ee\/product\/pulmakleit-seline\/#breadcrumb","itemListElement":[{"@type":"ListItem","position":1,"name":"Home","item":"https:\/\/looris.ee\/ru\/"},{"@type":"ListItem","position":2,"name":"Products","item":"https:\/\/looris.ee\/ru\/pulmakleidid\/"},{"@type":"ListItem","position":3,"name":"Pulmakleit Seline"}]},{"@type":"WebSite","@id":"https:\/\/looris.ee\/ru\/#website","url":"https:\/\/looris.ee\/ru\/","name":"Looris","description":"","potentialAction":[{"@type":"SearchAction","target":{"@type":"EntryPoint","urlTemplate":"https:\/\/looris.ee\/ru\/?s={search_term_string}"},"query-input":{"@type":"PropertyValueSpecification","valueRequired":true,"valueName":"search_term_string"}}],"inLanguage":"ru-RU"}]}},"_links":{"self":[{"href":"https:\/\/www.looris.ee\/ru\/wp-json\/wp\/v2\/product\/2462","targetHints":{"allow":["GET"]}}],"collection":[{"href":"https:\/\/www.looris.ee\/ru\/wp-json\/wp\/v2\/product"}],"about":[{"href":"https:\/\/www.looris.ee\/ru\/wp-json\/wp\/v2\/types\/product"}],"wp:featuredmedia":[{"embeddable":true,"href":"https:\/\/www.looris.ee\/ru\/wp-json\/wp\/v2\/media\/2483"}],"wp:attachment":[{"href":"https:\/\/www.looris.ee\/ru\/wp-json\/wp\/v2\/media?parent=2462"}],"wp:term":[{"taxonomy":"category","embeddable":true,"href":"https:\/\/www.looris.ee\/ru\/wp-json\/wp\/v2\/categories?post=2462"},{"taxonomy":"dress-style","embeddable":true,"href":"https:\/\/www.looris.ee\/ru\/wp-json\/wp\/v2\/dress-style?post=2462"}],"curies":[{"name":"wp","href":"https:\/\/api.w.org\/{rel}","templated":true}]}}