{"id":2919,"date":"2023-12-09T16:07:37","date_gmt":"2023-12-09T14:07:37","guid":{"rendered":"https:\/\/looris.ee\/?post_type=product&#038;p=2919"},"modified":"2024-02-21T16:24:47","modified_gmt":"2024-02-21T14:24:47","slug":"pulmakleit-fernanda","status":"publish","type":"product","link":"https:\/\/www.looris.ee\/ru\/product\/pulmakleit-fernanda\/","title":{"rendered":"Pulmakleit Fernanda"},"featured_media":2922,"template":"","categories":[],"dress-style":[73,78,74,70,75],"class_list":["post-2919","product","type-product","status-publish","has-post-thumbnail","hentry","dress-style-boho","dress-style-akoik","dress-style-lihtne","dress-style-merineitsi","dress-style-rannapulm"],"acf":[],"yoast_head":"<!-- This site is optimized with the Yoast SEO plugin v27.5 - https:\/\/yoast.com\/product\/yoast-seo-wordpress\/ -->\n<title>Pulmakleit Fernanda - Looris<\/title>\n<meta name=\"description\" content=\"Kaunis pulmakleit Fernanda \u00fchendab endas elegantsi ja romantikat, pakkudes pruudile unustamatut v\u00e4limust oma erilisel p\u00e4eval.\" \/>\n<meta name=\"robots\" content=\"index, follow, max-snippet:-1, max-image-preview:large, max-video-preview:-1\" \/>\n<link rel=\"canonical\" href=\"https:\/\/looris.ee\/product\/pulmakleit-fernanda\/\" \/>\n<meta property=\"og:locale\" content=\"ru_RU\" \/>\n<meta property=\"og:type\" content=\"article\" \/>\n<meta property=\"og:title\" content=\"Pulmakleit Fernanda - Looris\" \/>\n<meta property=\"og:description\" content=\"Kaunis pulmakleit Fernanda \u00fchendab endas elegantsi ja romantikat, pakkudes pruudile unustamatut v\u00e4limust oma erilisel p\u00e4eval.\" \/>\n<meta property=\"og:url\" content=\"https:\/\/looris.ee\/product\/pulmakleit-fernanda\/\" \/>\n<meta property=\"og:site_name\" content=\"Looris\" \/>\n<meta property=\"article:modified_time\" content=\"2024-02-21T14:24:47+00:00\" \/>\n<meta property=\"og:image\" content=\"https:\/\/looris.ee\/wp-content\/uploads\/2024\/02\/Fernanda-1-scaled.jpg\" \/>\n\t<meta property=\"og:image:width\" content=\"1708\" \/>\n\t<meta property=\"og:image:height\" content=\"2560\" \/>\n\t<meta property=\"og:image:type\" content=\"image\/jpeg\" \/>\n<meta name=\"twitter:card\" content=\"summary_large_image\" \/>\n<meta name=\"twitter:label1\" content=\"\u041f\u0440\u0438\u043c\u0435\u0440\u043d\u043e\u0435 \u0432\u0440\u0435\u043c\u044f \u0434\u043b\u044f \u0447\u0442\u0435\u043d\u0438\u044f\" \/>\n\t<meta name=\"twitter:data1\" content=\"2 \u043c\u0438\u043d\u0443\u0442\u044b\" \/>\n<script type=\"application\/ld+json\" class=\"yoast-schema-graph\">{\"@context\":\"https:\\\/\\\/schema.org\",\"@graph\":[{\"@type\":\"WebPage\",\"@id\":\"https:\\\/\\\/looris.ee\\\/product\\\/pulmakleit-fernanda\\\/\",\"url\":\"https:\\\/\\\/looris.ee\\\/product\\\/pulmakleit-fernanda\\\/\",\"name\":\"Pulmakleit Fernanda - Looris\",\"isPartOf\":{\"@id\":\"https:\\\/\\\/looris.ee\\\/ru\\\/#website\"},\"primaryImageOfPage\":{\"@id\":\"https:\\\/\\\/looris.ee\\\/product\\\/pulmakleit-fernanda\\\/#primaryimage\"},\"image\":{\"@id\":\"https:\\\/\\\/looris.ee\\\/product\\\/pulmakleit-fernanda\\\/#primaryimage\"},\"thumbnailUrl\":\"https:\\\/\\\/www.looris.ee\\\/wp-content\\\/uploads\\\/2024\\\/02\\\/Fernanda-1-scaled.jpg\",\"datePublished\":\"2023-12-09T14:07:37+00:00\",\"dateModified\":\"2024-02-21T14:24:47+00:00\",\"description\":\"Kaunis pulmakleit Fernanda \u00fchendab endas elegantsi ja romantikat, pakkudes pruudile unustamatut v\u00e4limust oma erilisel p\u00e4eval.\",\"breadcrumb\":{\"@id\":\"https:\\\/\\\/looris.ee\\\/product\\\/pulmakleit-fernanda\\\/#breadcrumb\"},\"inLanguage\":\"ru-RU\",\"potentialAction\":[{\"@type\":\"ReadAction\",\"target\":[\"https:\\\/\\\/looris.ee\\\/product\\\/pulmakleit-fernanda\\\/\"]}]},{\"@type\":\"ImageObject\",\"inLanguage\":\"ru-RU\",\"@id\":\"https:\\\/\\\/looris.ee\\\/product\\\/pulmakleit-fernanda\\\/#primaryimage\",\"url\":\"https:\\\/\\\/www.looris.ee\\\/wp-content\\\/uploads\\\/2024\\\/02\\\/Fernanda-1-scaled.jpg\",\"contentUrl\":\"https:\\\/\\\/www.looris.ee\\\/wp-content\\\/uploads\\\/2024\\\/02\\\/Fernanda-1-scaled.jpg\",\"width\":1708,\"height\":2560,\"caption\":\"Pulmakleit Fernanda\"},{\"@type\":\"BreadcrumbList\",\"@id\":\"https:\\\/\\\/looris.ee\\\/product\\\/pulmakleit-fernanda\\\/#breadcrumb\",\"itemListElement\":[{\"@type\":\"ListItem\",\"position\":1,\"name\":\"Home\",\"item\":\"https:\\\/\\\/looris.ee\\\/ru\\\/\"},{\"@type\":\"ListItem\",\"position\":2,\"name\":\"Products\",\"item\":\"https:\\\/\\\/looris.ee\\\/ru\\\/pulmakleidid\\\/\"},{\"@type\":\"ListItem\",\"position\":3,\"name\":\"Pulmakleit Fernanda\"}]},{\"@type\":\"WebSite\",\"@id\":\"https:\\\/\\\/looris.ee\\\/ru\\\/#website\",\"url\":\"https:\\\/\\\/looris.ee\\\/ru\\\/\",\"name\":\"Looris\",\"description\":\"\",\"potentialAction\":[{\"@type\":\"SearchAction\",\"target\":{\"@type\":\"EntryPoint\",\"urlTemplate\":\"https:\\\/\\\/looris.ee\\\/ru\\\/?s={search_term_string}\"},\"query-input\":{\"@type\":\"PropertyValueSpecification\",\"valueRequired\":true,\"valueName\":\"search_term_string\"}}],\"inLanguage\":\"ru-RU\"}]}<\/script>\n<!-- \/ Yoast SEO plugin. -->","yoast_head_json":{"title":"Pulmakleit Fernanda - Looris","description":"Kaunis pulmakleit Fernanda \u00fchendab endas elegantsi ja romantikat, pakkudes pruudile unustamatut v\u00e4limust oma erilisel p\u00e4eval.","robots":{"index":"index","follow":"follow","max-snippet":"max-snippet:-1","max-image-preview":"max-image-preview:large","max-video-preview":"max-video-preview:-1"},"canonical":"https:\/\/looris.ee\/product\/pulmakleit-fernanda\/","og_locale":"ru_RU","og_type":"article","og_title":"Pulmakleit Fernanda - Looris","og_description":"Kaunis pulmakleit Fernanda \u00fchendab endas elegantsi ja romantikat, pakkudes pruudile unustamatut v\u00e4limust oma erilisel p\u00e4eval.","og_url":"https:\/\/looris.ee\/product\/pulmakleit-fernanda\/","og_site_name":"Looris","article_modified_time":"2024-02-21T14:24:47+00:00","og_image":[{"width":1708,"height":2560,"url":"https:\/\/looris.ee\/wp-content\/uploads\/2024\/02\/Fernanda-1-scaled.jpg","type":"image\/jpeg"}],"twitter_card":"summary_large_image","twitter_misc":{"\u041f\u0440\u0438\u043c\u0435\u0440\u043d\u043e\u0435 \u0432\u0440\u0435\u043c\u044f \u0434\u043b\u044f \u0447\u0442\u0435\u043d\u0438\u044f":"2 \u043c\u0438\u043d\u0443\u0442\u044b"},"schema":{"@context":"https:\/\/schema.org","@graph":[{"@type":"WebPage","@id":"https:\/\/looris.ee\/product\/pulmakleit-fernanda\/","url":"https:\/\/looris.ee\/product\/pulmakleit-fernanda\/","name":"Pulmakleit Fernanda - Looris","isPartOf":{"@id":"https:\/\/looris.ee\/ru\/#website"},"primaryImageOfPage":{"@id":"https:\/\/looris.ee\/product\/pulmakleit-fernanda\/#primaryimage"},"image":{"@id":"https:\/\/looris.ee\/product\/pulmakleit-fernanda\/#primaryimage"},"thumbnailUrl":"https:\/\/www.looris.ee\/wp-content\/uploads\/2024\/02\/Fernanda-1-scaled.jpg","datePublished":"2023-12-09T14:07:37+00:00","dateModified":"2024-02-21T14:24:47+00:00","description":"Kaunis pulmakleit Fernanda \u00fchendab endas elegantsi ja romantikat, pakkudes pruudile unustamatut v\u00e4limust oma erilisel p\u00e4eval.","breadcrumb":{"@id":"https:\/\/looris.ee\/product\/pulmakleit-fernanda\/#breadcrumb"},"inLanguage":"ru-RU","potentialAction":[{"@type":"ReadAction","target":["https:\/\/looris.ee\/product\/pulmakleit-fernanda\/"]}]},{"@type":"ImageObject","inLanguage":"ru-RU","@id":"https:\/\/looris.ee\/product\/pulmakleit-fernanda\/#primaryimage","url":"https:\/\/www.looris.ee\/wp-content\/uploads\/2024\/02\/Fernanda-1-scaled.jpg","contentUrl":"https:\/\/www.looris.ee\/wp-content\/uploads\/2024\/02\/Fernanda-1-scaled.jpg","width":1708,"height":2560,"caption":"Pulmakleit Fernanda"},{"@type":"BreadcrumbList","@id":"https:\/\/looris.ee\/product\/pulmakleit-fernanda\/#breadcrumb","itemListElement":[{"@type":"ListItem","position":1,"name":"Home","item":"https:\/\/looris.ee\/ru\/"},{"@type":"ListItem","position":2,"name":"Products","item":"https:\/\/looris.ee\/ru\/pulmakleidid\/"},{"@type":"ListItem","position":3,"name":"Pulmakleit Fernanda"}]},{"@type":"WebSite","@id":"https:\/\/looris.ee\/ru\/#website","url":"https:\/\/looris.ee\/ru\/","name":"Looris","description":"","potentialAction":[{"@type":"SearchAction","target":{"@type":"EntryPoint","urlTemplate":"https:\/\/looris.ee\/ru\/?s={search_term_string}"},"query-input":{"@type":"PropertyValueSpecification","valueRequired":true,"valueName":"search_term_string"}}],"inLanguage":"ru-RU"}]}},"_links":{"self":[{"href":"https:\/\/www.looris.ee\/ru\/wp-json\/wp\/v2\/product\/2919","targetHints":{"allow":["GET"]}}],"collection":[{"href":"https:\/\/www.looris.ee\/ru\/wp-json\/wp\/v2\/product"}],"about":[{"href":"https:\/\/www.looris.ee\/ru\/wp-json\/wp\/v2\/types\/product"}],"wp:featuredmedia":[{"embeddable":true,"href":"https:\/\/www.looris.ee\/ru\/wp-json\/wp\/v2\/media\/2922"}],"wp:attachment":[{"href":"https:\/\/www.looris.ee\/ru\/wp-json\/wp\/v2\/media?parent=2919"}],"wp:term":[{"taxonomy":"category","embeddable":true,"href":"https:\/\/www.looris.ee\/ru\/wp-json\/wp\/v2\/categories?post=2919"},{"taxonomy":"dress-style","embeddable":true,"href":"https:\/\/www.looris.ee\/ru\/wp-json\/wp\/v2\/dress-style?post=2919"}],"curies":[{"name":"wp","href":"https:\/\/api.w.org\/{rel}","templated":true}]}}